{"id":2,"date":"2017-12-10T15:35:19","date_gmt":"2017-12-10T14:35:19","guid":{"rendered":"http:\/\/immoschon-realtors.be\/?page_id=2"},"modified":"2021-02-11T14:49:53","modified_gmt":"2021-02-11T13:49:53","slug":"page-d-exemple","status":"publish","type":"page","link":"https:\/\/immoschon-realtors.be\/","title":{"rendered":"Bienvenue"},"content":{"rendered":"<p>Dans le cadre des t\u00e2ches qui lui sont allou\u00e9es, notre enseigne se sp\u00e9cialise dans la mise en vente, location et gestion de biens immobiliers d\u2019habitations, commerciaux et autres.<\/p>\n<p>Son rayon d\u2019action s\u2019\u00e9tend sur la Belgique, plus pr\u00e9cis\u00e9ment sur l\u2019ensemble de la r\u00e9gion bruxelloise (les 19 communes), ses alentours (p\u00e9riph\u00e9rie), y compris les communes \u00e0 facilit\u00e9s.<\/p>\n<p>Exp\u00e9rience, know how, dynamisme, pers\u00e9v\u00e9rance et passion habillent ses repr\u00e9sentants, qui vous assurent un service professionnel, personnalis\u00e9 et privil\u00e9gi\u00e9,<\/p>\n<p>Tout en travaillant, en \u00e9troite collaboration, avec des professionnels du m\u00e9tier (notaires, architectes, experts, avocats, certificateurs \u00e9nerg\u00e9tique et \u00e9lectrique, relocators, etc \u2026),<\/p>\n<p>L\u2019on d\u00e9ploie tous nos efforts et mettons tout en \u0153uvre, de A \u00e0 Z, pour mener \u00e0 bien votre cause,<\/p>\n<p>Dans la qu\u00eate d\u2019obtenir votre r\u00e9sultat esp\u00e9r\u00e9 et emporter votre satisfaction,<\/p>\n<p>Nous sommes \u00e0 l\u2019\u00e9coute de vos besoins,<\/p>\n<p>Cecilia Sch\u00f6nenberg<br \/>\nAgent immobilier agr\u00e9\u00e9<br \/>\n(agr\u00e9ation\u00a0octroy\u00e9e\u00a0en\u00a0Belgique)\u00a0IPI n\u00b0: 506138<br \/>\nInterm\u00e9diaire s\u2019occupant \u00e9galement de gestion privative<\/p>\n","protected":false},"excerpt":{"rendered":"<p>Dans le cadre des t\u00e2ches qui lui sont allou\u00e9es, notre enseigne se sp\u00e9cialise dans la mise en vente, location et gestion de biens immobiliers d\u2019habitations, commerciaux et autres. Son rayon d\u2019action s\u2019\u00e9tend sur la Belgique, plus pr\u00e9cis\u00e9ment sur l\u2019ensemble de&#8230;<\/p>\n","protected":false},"author":1,"featured_media":0,"parent":0,"menu_order":0,"comment_status":"closed","ping_status":"open","template":"","meta":{"footnotes":""},"class_list":["post-2","page","type-page","status-publish","hentry","no-post-thumbnail"],"_links":{"self":[{"href":"https:\/\/immoschon-realtors.be\/index.php?rest_route=\/wp\/v2\/pages\/2","targetHints":{"allow":["GET"]}}],"collection":[{"href":"https:\/\/immoschon-realtors.be\/index.php?rest_route=\/wp\/v2\/pages"}],"about":[{"href":"https:\/\/immoschon-realtors.be\/index.php?rest_route=\/wp\/v2\/types\/page"}],"author":[{"embeddable":true,"href":"https:\/\/immoschon-realtors.be\/index.php?rest_route=\/wp\/v2\/users\/1"}],"replies":[{"embeddable":true,"href":"https:\/\/immoschon-realtors.be\/index.php?rest_route=%2Fwp%2Fv2%2Fcomments&post=2"}],"version-history":[{"count":10,"href":"https:\/\/immoschon-realtors.be\/index.php?rest_route=\/wp\/v2\/pages\/2\/revisions"}],"predecessor-version":[{"id":3641,"href":"https:\/\/immoschon-realtors.be\/index.php?rest_route=\/wp\/v2\/pages\/2\/revisions\/3641"}],"wp:attachment":[{"href":"https:\/\/immoschon-realtors.be\/index.php?rest_route=%2Fwp%2Fv2%2Fmedia&parent=2"}],"curies":[{"name":"wp","href":"https:\/\/api.w.org\/{rel}","templated":true}]}}